{"id":265,"date":"2021-09-28T12:13:45","date_gmt":"2021-09-28T15:13:45","guid":{"rendered":"http:\/\/dintranet.meteochile.gob.cl\/wordpress\/?page_id=265"},"modified":"2025-04-16T18:18:56","modified_gmt":"2025-04-16T21:18:56","slug":"quienes-somos","status":"publish","type":"page","link":"https:\/\/revistastratus.meteochile.gob.cl\/index.php\/quienes-somos\/","title":{"rendered":"\u00bfQui\u00e9nes somos?"},"content":{"rendered":"\n<p>\u00a1Bienvenidos a Stratus! Somos una plataforma de publicaciones cient\u00edficas creada para la comunidad de investigaci\u00f3n meteorol\u00f3gica, cuyo principal objetivo es generar un espacio de difusi\u00f3n para entregar conocimientos relacionados con diversos temas de esta \u00e1rea. Adem\u00e1s, de esta forma, se busca incentivar el desarrollo de nuevos estudios, que no solo ampl\u00eden el entendimiento que se tiene de la meteorolog\u00eda, si no que tambi\u00e9n sirvan como base para la toma de diversas decisiones, as\u00ed como en planificaciones (Ej: eventos extremos). Esta revista cient\u00edfica es de libre acceso y est\u00e1 conformada por meteor\u00f3logos de la Direcci\u00f3n Meteorol\u00f3gica de Chile.<\/p>\n\n\n\n<p>Mediante este espacio publicaremos m\u00faltiples investigaciones y trabajos desarrollados dentro de la Direcci\u00f3n Meteorol\u00f3gica de Chile, enfocados principalmente en un p\u00fablico objetivo que presente una base de conocimiento sobre esta ciencia (profesionales, estudiantes relacionados y entusiastas de la meteorolog\u00eda).<\/p>\n\n\n\n<p>\u00a1Los invitamos a leer y ayudarnos a difundir nuestras publicaciones, para as\u00ed permitir que la meteorolog\u00eda traspase sus fronteras habituales!<\/p>\n\n\n\n<p><\/p>\n\n\n\n<h3 class=\"wp-block-heading\"><strong>Equipo<\/strong><\/h3>\n\n\n\n<div class=\"wp-block-group is-layout-flow wp-block-group-is-layout-flow\"><div class=\"wp-block-group__inner-container\">\n<blockquote class=\"wp-block-quote\">\n<p><strong><mark style=\"background-color:rgba(0, 0, 0, 0)\" class=\"has-inline-color has-black-color\">Ricardo Abarca<\/mark><\/strong><\/p>\n\n\n\n<p><em>Meteor\u00f3logo y Jefe Oficina Estudios Meteorol\u00f3gicos.<\/em><\/p>\n<\/blockquote>\n<\/div><\/div>\n\n\n\n<blockquote class=\"wp-block-quote\">\n<p><strong><mark style=\"background-color:rgba(0, 0, 0, 0)\" class=\"has-inline-color has-black-color\">Tamara Venegas<\/mark><\/strong><\/p>\n\n\n\n<p><em>Meteor\u00f3loga e investigadora Oficina Estudios Meteorol\u00f3gicos.<\/em><\/p>\n<\/blockquote>\n\n\n\n<blockquote class=\"wp-block-quote\">\n<p><strong><mark style=\"background-color:rgba(0, 0, 0, 0)\" class=\"has-inline-color has-black-color\">Manuel Olivares<\/mark><\/strong><\/p>\n\n\n\n<p><em>Meteor\u00f3logo e investigador Oficina Estudios Meteorol\u00f3gicos.<\/em><\/p>\n<\/blockquote>\n\n\n\n<p>Adem\u00e1s, contamos con un equipo de meteor\u00f3logos revisores altamente calificados y que pertenecen a distintas \u00e1reas de expertiz.<\/p>\n\n\n\n<h3 class=\"wp-block-heading\"><strong>Soporte Inform\u00e1tico<\/strong><\/h3>\n\n\n\n<p class=\"has-black-color has-text-color\">Tecnolog\u00edas de la Informaci\u00f3n y las Comunicaciones, DGAC.<\/p>\n\n\n\n<h3 class=\"wp-block-heading\"><strong>Contacto<\/strong><\/h3>\n\n\n\n<p class=\"has-black-color has-text-color\"><strong><a href=\"https:\/\/servicios.dgac.gob.cl\/oirs-web\/ciudadano.html#\/ingreso\" data-type=\"link\" data-id=\"https:\/\/servicios.dgac.gob.cl\/oirs-web\/ciudadano.html#\/ingreso\">Oficina de Informaci\u00f3n, Reclamos y Sugerencias<\/a><\/strong><\/p>\n\n\n\n<p class=\"has-black-color has-text-color\"><strong>Web:&nbsp;<\/strong><a href=\"http:\/\/www.meteochile.gob.cl\" data-type=\"URL\" data-id=\"www.meteochile.gob.cl\">www.meteochile.gob.cl<\/a><\/p>\n\n\n\n<p><\/p>\n","protected":false},"excerpt":{"rendered":"<p>\u00a1Bienvenidos a Stratus! Somos una plataforma de publicaciones cient\u00edficas creada para la comunidad de investigaci\u00f3n meteorol\u00f3gica, cuyo principal objetivo es generar un espacio de difusi\u00f3n para entregar conocimientos relacionados con diversos temas de esta \u00e1rea. Adem\u00e1s, de esta forma, se busca incentivar el desarrollo de nuevos estudios, que no solo<\/p>\n","protected":false},"author":14,"featured_media":0,"parent":0,"menu_order":0,"comment_status":"closed","ping_status":"closed","template":"","meta":{"footnotes":""},"_links":{"self":[{"href":"https:\/\/revistastratus.meteochile.gob.cl\/index.php\/wp-json\/wp\/v2\/pages\/265"}],"collection":[{"href":"https:\/\/revistastratus.meteochile.gob.cl\/index.php\/wp-json\/wp\/v2\/pages"}],"about":[{"href":"https:\/\/revistastratus.meteochile.gob.cl\/index.php\/wp-json\/wp\/v2\/types\/page"}],"author":[{"embeddable":true,"href":"https:\/\/revistastratus.meteochile.gob.cl\/index.php\/wp-json\/wp\/v2\/users\/14"}],"replies":[{"embeddable":true,"href":"https:\/\/revistastratus.meteochile.gob.cl\/index.php\/wp-json\/wp\/v2\/comments?post=265"}],"version-history":[{"count":44,"href":"https:\/\/revistastratus.meteochile.gob.cl\/index.php\/wp-json\/wp\/v2\/pages\/265\/revisions"}],"predecessor-version":[{"id":903,"href":"https:\/\/revistastratus.meteochile.gob.cl\/index.php\/wp-json\/wp\/v2\/pages\/265\/revisions\/903"}],"wp:attachment":[{"href":"https:\/\/revistastratus.meteochile.gob.cl\/index.php\/wp-json\/wp\/v2\/media?parent=265"}],"curies":[{"name":"wp","href":"https:\/\/api.w.org\/{rel}","templated":true}]}}